{"id":1539,"date":"2020-12-02T17:15:38","date_gmt":"2020-12-02T17:15:38","guid":{"rendered":"http:\/\/philanthropyaid.ch\/?page_id=1539"},"modified":"2021-01-27T10:06:45","modified_gmt":"2021-01-27T10:06:45","slug":"payroll-hr","status":"publish","type":"page","link":"https:\/\/philanthropyaid.ch\/fr\/payroll-hr\/","title":{"rendered":"Salaires & RH"},"content":{"rendered":"<div data-elementor-type=\"wp-page\" data-elementor-id=\"1539\" class=\"elementor elementor-1539\" data-elementor-settings=\"[]\">\n\t\t\t\t\t\t<div class=\"elementor-inner\">\n\t\t\t\t\t\t\t<div class=\"elementor-section-wrap\">\n\t\t\t\t\t\t\t<section class=\"elementor-section elementor-top-section elementor-element elementor-element-e6a1f2b elementor-section-boxed elementor-section-height-default elementor-section-height-default\" data-id=\"e6a1f2b\" data-element_type=\"section\">\n\t\t\t\t\t\t<div class=\"elementor-container elementor-column-gap-default\">\n\t\t\t\t\t\t\t<div class=\"elementor-row\">\n\t\t\t\t\t<div class=\"elementor-column elementor-col-100 elementor-top-column elementor-element elementor-element-a0a9464\" data-id=\"a0a9464\" data-element_type=\"column\">\n\t\t\t<div class=\"elementor-column-wrap elementor-element-populated\">\n\t\t\t\t\t\t\t<div class=\"elementor-widget-wrap\">\n\t\t\t\t\t\t<div class=\"elementor-element elementor-element-72128ba elementor-widget elementor-widget-heading\" data-id=\"72128ba\" data-element_type=\"widget\" data-widget_type=\"heading.default\">\n\t\t\t\t<div class=\"elementor-widget-container\">\n\t\t\t<h1 class=\"elementor-heading-title elementor-size-default\">Salaires & RH<\/h1>\t\t<\/div>\n\t\t\t\t<\/div>\n\t\t\t\t<div class=\"elementor-element elementor-element-21a949f elementor-widget elementor-widget-text-editor\" data-id=\"21a949f\" data-element_type=\"widget\" data-widget_type=\"text-editor.default\">\n\t\t\t\t<div class=\"elementor-widget-container\">\n\t\t\t\t\t<div class=\"elementor-text-editor elementor-clearfix\"><p style=\"text-align: left;\"><span style=\"color: #000000; font-family: Calibri, sans-serif; font-size: 12pt; text-align: justify;\">Les ONG doivent pouvoir se consacrer pleinement aux causes qu\u2019elles d\u00e9fendent, aux priorit\u00e9s du terrain et \u00e0 la recherche de fonds pour faciliter leur mission. Leur fonctionnement, leur transparence et leurs responsabilit\u00e9s par rapport aux donateurs et aux acteurs de terrain sont essentiels. A travers son d\u00e9partement Payroll & HR, PhilanthropyAid met son exp\u00e9rience au profit des ONG afin de les soutenir dans la gestion salariale et administrative. Nos services sont les suivants :<\/span><\/p>\n<p class=\"Standard\" style=\"margin: 0cm 0cm 0.0001pt; line-height: normal; font-size: 11pt; font-family: Calibri, sans-serif; color: #000000; text-align: left;\"><\/p><\/div>\n\t\t\t\t<\/div>\n\t\t\t\t<\/div>\n\t\t\t\t\t\t<\/div>\n\t\t\t\t\t<\/div>\n\t\t<\/div>\n\t\t\t\t\t\t\t\t<\/div>\n\t\t\t\t\t<\/div>\n\t\t<\/section>\n\t\t\t\t<section class=\"elementor-section elementor-top-section elementor-element elementor-element-16634d elementor-section-content-middle elementor-section-boxed elementor-section-height-default elementor-section-height-default\" data-id=\"16634d\" data-element_type=\"section\">\n\t\t\t\t\t\t<div class=\"elementor-container elementor-column-gap-no\">\n\t\t\t\t\t\t\t<div class=\"elementor-row\">\n\t\t\t\t\t<div class=\"elementor-column elementor-col-100 elementor-top-column elementor-element elementor-element-2b4d6905\" data-id=\"2b4d6905\" data-element_type=\"column\">\n\t\t\t<div class=\"elementor-column-wrap elementor-element-populated\">\n\t\t\t\t\t\t\t<div class=\"elementor-widget-wrap\">\n\t\t\t\t\t\t<section class=\"elementor-section elementor-inner-section elementor-element elementor-element-5ba2d4ba elementor-section-content-middle elementor-section-boxed elementor-section-height-default elementor-section-height-default\" data-id=\"5ba2d4ba\" data-element_type=\"section\">\n\t\t\t\t\t\t<div class=\"elementor-container elementor-column-gap-no\">\n\t\t\t\t\t\t\t<div class=\"elementor-row\">\n\t\t\t\t\t<div class=\"elementor-column elementor-col-50 elementor-inner-column elementor-element elementor-element-357facfb\" data-id=\"357facfb\" data-element_type=\"column\">\n\t\t\t<div class=\"elementor-column-wrap elementor-element-populated\">\n\t\t\t\t\t\t\t<div class=\"elementor-widget-wrap\">\n\t\t\t\t\t\t<div class=\"elementor-element elementor-element-72485a0a elementor-widget elementor-widget-image\" data-id=\"72485a0a\" data-element_type=\"widget\" data-widget_type=\"image.default\">\n\t\t\t\t<div class=\"elementor-widget-container\">\n\t\t\t\t\t<div class=\"elementor-image\">\n\t\t\t\t\t\t\t\t\t\t<img width=\"843\" height=\"561\" src=\"https:\/\/philanthropyaid.ch\/wp-content\/uploads\/2020\/12\/calculator-1680905_1280-1024x682.jpg\" class=\"attachment-large size-large\" alt=\"\" loading=\"lazy\" srcset=\"https:\/\/philanthropyaid.ch\/wp-content\/uploads\/2020\/12\/calculator-1680905_1280-1024x682.jpg 1024w, https:\/\/philanthropyaid.ch\/wp-content\/uploads\/2020\/12\/calculator-1680905_1280-300x200.jpg 300w, https:\/\/philanthropyaid.ch\/wp-content\/uploads\/2020\/12\/calculator-1680905_1280-768x512.jpg 768w, https:\/\/philanthropyaid.ch\/wp-content\/uploads\/2020\/12\/calculator-1680905_1280.jpg 1280w\" sizes=\"(max-width: 843px) 100vw, 843px\" \/>\t\t\t\t\t\t\t\t\t\t\t<\/div>\n\t\t\t\t<\/div>\n\t\t\t\t<\/div>\n\t\t\t\t\t\t<\/div>\n\t\t\t\t\t<\/div>\n\t\t<\/div>\n\t\t\t\t<div class=\"elementor-column elementor-col-50 elementor-inner-column elementor-element elementor-element-2d1cae2\" data-id=\"2d1cae2\" data-element_type=\"column\">\n\t\t\t<div class=\"elementor-column-wrap elementor-element-populated\">\n\t\t\t\t\t\t\t<div class=\"elementor-widget-wrap\">\n\t\t\t\t\t\t<div class=\"elementor-element elementor-element-6d6acc51 elementor-widget elementor-widget-heading\" data-id=\"6d6acc51\" data-element_type=\"widget\" data-widget_type=\"heading.default\">\n\t\t\t\t<div class=\"elementor-widget-container\">\n\t\t\t<h2 class=\"elementor-heading-title elementor-size-default\">Salaires<\/h2>\t\t<\/div>\n\t\t\t\t<\/div>\n\t\t\t\t<div class=\"elementor-element elementor-element-1bb497e2 elementor-widget elementor-widget-text-editor\" data-id=\"1bb497e2\" data-element_type=\"widget\" data-widget_type=\"text-editor.default\">\n\t\t\t\t<div class=\"elementor-widget-container\">\n\t\t\t\t\t<div class=\"elementor-text-editor elementor-clearfix\"><ul><li class=\"p1\" style=\"text-align: left;\"><span style=\"color: #000000;\">Pr\u00e9paration des salaires, calculs, v\u00e9rification et envoi mensuel<\/span><\/li><li class=\"p1\" style=\"text-align: left;\"><span style=\"color: #000000;\">Int\u00e9gration des variables mensuelles (b\u00e9n\u00e9fices gestion de projets, etc.)\u00a0<\/span><\/li><li class=\"p1\" style=\"text-align: left;\"><span style=\"color: #000000;\">R\u00e9daction de rapports comptables<\/span><\/li><li class=\"p1\" style=\"text-align: left;\"><span style=\"color: #000000;\">Services de conseil li\u00e9s aux salaires<\/span><\/li><li class=\"p1\" style=\"text-align: left;\"><span style=\"color: #000000;\">D\u00e9clarations mensuelles aux autorit\u00e9s comp\u00e9tentes<span class=\"Apple-converted-space\">\u00a0 <\/span>(c-\u00e0-d AFC, AVS...)<\/span><\/li><li class=\"p1\" style=\"text-align: left;\"><span style=\"color: #000000;\">D\u00e9clarations de fin d'ann\u00e9e aux compagnies d'assurances et autres autorit\u00e9s comp\u00e9tentes (AVS, LPP, LAA, LAAC, IJM, imp\u00f4t \u00e0 la source...)<\/span><\/li><li class=\"p1\" style=\"text-align: left;\"><span style=\"color: #000000;\">Pr\u00e9paration et envoi de certificats de salaires au personnel<\/span><\/li><\/ul><\/div>\n\t\t\t\t<\/div>\n\t\t\t\t<\/div>\n\t\t\t\t\t\t<\/div>\n\t\t\t\t\t<\/div>\n\t\t<\/div>\n\t\t\t\t\t\t\t\t<\/div>\n\t\t\t\t\t<\/div>\n\t\t<\/section>\n\t\t\t\t<section class=\"elementor-section elementor-inner-section elementor-element elementor-element-1f8724a5 elementor-section-content-middle elementor-reverse-mobile elementor-section-boxed elementor-section-height-default elementor-section-height-default\" data-id=\"1f8724a5\" data-element_type=\"section\">\n\t\t\t\t\t\t<div class=\"elementor-container elementor-column-gap-no\">\n\t\t\t\t\t\t\t<div class=\"elementor-row\">\n\t\t\t\t\t<div class=\"elementor-column elementor-col-50 elementor-inner-column elementor-element elementor-element-71aabdf3\" data-id=\"71aabdf3\" data-element_type=\"column\">\n\t\t\t<div class=\"elementor-column-wrap elementor-element-populated\">\n\t\t\t\t\t\t\t<div class=\"elementor-widget-wrap\">\n\t\t\t\t\t\t<div class=\"elementor-element elementor-element-1892f211 elementor-widget elementor-widget-heading\" data-id=\"1892f211\" data-element_type=\"widget\" data-widget_type=\"heading.default\">\n\t\t\t\t<div class=\"elementor-widget-container\">\n\t\t\t<h2 class=\"elementor-heading-title elementor-size-default\">RH & Assurances sociales<\/h2>\t\t<\/div>\n\t\t\t\t<\/div>\n\t\t\t\t<div class=\"elementor-element elementor-element-84b6ea4 elementor-widget elementor-widget-text-editor\" data-id=\"84b6ea4\" data-element_type=\"widget\" data-widget_type=\"text-editor.default\">\n\t\t\t\t<div class=\"elementor-widget-container\">\n\t\t\t\t\t<div class=\"elementor-text-editor elementor-clearfix\"><ul><li class=\"p1\" style=\"text-align: left;\"><span style=\"color: #000000;\">Inscription d'ONG aupr\u00e8s des autorit\u00e9s comp\u00e9tentes<\/span><\/li><li class=\"p1\" style=\"text-align: left;\"><span style=\"color: #000000;\">Gestion des permis de travail et de r\u00e9sidence (candidatures initiales, renouvellements, pour les citoyens et non-citoyens de l'UE)<\/span><\/li><li class=\"p1\" style=\"text-align: left;\"><span style=\"color: #000000;\">Gestion et conseil li\u00e9 aux contrats de travail<\/span><\/li><li class=\"p1\" style=\"text-align: left;\"><span style=\"color: #000000;\">Gestion administrative et suivi du personnel (y compris les documents li\u00e9s aux licenciements)<\/span><\/li><li class=\"p1\" style=\"text-align: left;\"><span style=\"color: #000000;\">Demandes et suivi d'allocations familiales<\/span><\/li><li class=\"p1\" style=\"text-align: left;\"><span style=\"color: #000000;\">D\u00e9claration de maladie \/ d'accident aux compagnies d'assurance<\/span><\/li><li class=\"p1\" style=\"text-align: left;\"><span style=\"color: #000000;\">Demande \/ Modification \/ Retrait de dossier concernant le personnel recevant un fond de pension (LPP)<\/span><\/li><li class=\"p1\" style=\"text-align: left;\"><span style=\"color: #000000;\">Suivi administratif des assurances et coordination avec les courtiers ou assureurs<\/span><\/li><li class=\"p1\" style=\"text-align: left;\"><span style=\"color: #000000;\">Services de conseil juridique<\/span><\/li><\/ul><\/div>\n\t\t\t\t<\/div>\n\t\t\t\t<\/div>\n\t\t\t\t\t\t<\/div>\n\t\t\t\t\t<\/div>\n\t\t<\/div>\n\t\t\t\t<div class=\"elementor-column elementor-col-50 elementor-inner-column elementor-element elementor-element-143d1d67\" data-id=\"143d1d67\" data-element_type=\"column\">\n\t\t\t<div class=\"elementor-column-wrap elementor-element-populated\">\n\t\t\t\t\t\t\t<div class=\"elementor-widget-wrap\">\n\t\t\t\t\t\t<div class=\"elementor-element elementor-element-4abb1b8b elementor-widget elementor-widget-image\" data-id=\"4abb1b8b\" data-element_type=\"widget\" data-widget_type=\"image.default\">\n\t\t\t\t<div class=\"elementor-widget-container\">\n\t\t\t\t\t<div class=\"elementor-image\">\n\t\t\t\t\t\t\t\t\t\t<img width=\"843\" height=\"558\" src=\"https:\/\/philanthropyaid.ch\/wp-content\/uploads\/2020\/12\/job-3790033_1280-1024x678.jpg\" class=\"attachment-large size-large\" alt=\"\" loading=\"lazy\" srcset=\"https:\/\/philanthropyaid.ch\/wp-content\/uploads\/2020\/12\/job-3790033_1280-1024x678.jpg 1024w, https:\/\/philanthropyaid.ch\/wp-content\/uploads\/2020\/12\/job-3790033_1280-300x199.jpg 300w, https:\/\/philanthropyaid.ch\/wp-content\/uploads\/2020\/12\/job-3790033_1280-768x508.jpg 768w, https:\/\/philanthropyaid.ch\/wp-content\/uploads\/2020\/12\/job-3790033_1280.jpg 1280w\" sizes=\"(max-width: 843px) 100vw, 843px\" \/>\t\t\t\t\t\t\t\t\t\t\t<\/div>\n\t\t\t\t<\/div>\n\t\t\t\t<\/div>\n\t\t\t\t\t\t<\/div>\n\t\t\t\t\t<\/div>\n\t\t<\/div>\n\t\t\t\t\t\t\t\t<\/div>\n\t\t\t\t\t<\/div>\n\t\t<\/section>\n\t\t\t\t<div class=\"elementor-element elementor-element-6f645d1 elementor-widget elementor-widget-text-editor\" data-id=\"6f645d1\" data-element_type=\"widget\" data-widget_type=\"text-editor.default\">\n\t\t\t\t<div class=\"elementor-widget-container\">\n\t\t\t\t\t<div class=\"elementor-text-editor elementor-clearfix\"><span style=\"color: #000000;\">Les services de PhilanthropyAid li\u00e9s aux salaires et RH sont fournis conform\u00e9ment \u00e0 la l\u00e9gislation relative \u00e0 la protection de donn\u00e9es applicable en Suisse.<\/span><\/div>\n\t\t\t\t<\/div>\n\t\t\t\t<\/div>\n\t\t\t\t\t\t<\/div>\n\t\t\t\t\t<\/div>\n\t\t<\/div>\n\t\t\t\t\t\t\t\t<\/div>\n\t\t\t\t\t<\/div>\n\t\t<\/section>\n\t\t\t\t\t\t<\/div>\n\t\t\t\t\t\t<\/div>\n\t\t\t\t\t<\/div>","protected":false},"excerpt":{"rendered":"<p>Payroll &#038; HR NGOs need to be able to focus fully on the causes they defend, on their priorities in the field and on fundraising&hellip;<\/p>","protected":false},"author":1,"featured_media":0,"parent":0,"menu_order":0,"comment_status":"closed","ping_status":"closed","template":"","meta":[],"_links":{"self":[{"href":"https:\/\/philanthropyaid.ch\/fr\/wp-json\/wp\/v2\/pages\/1539"}],"collection":[{"href":"https:\/\/philanthropyaid.ch\/fr\/wp-json\/wp\/v2\/pages"}],"about":[{"href":"https:\/\/philanthropyaid.ch\/fr\/wp-json\/wp\/v2\/types\/page"}],"author":[{"embeddable":true,"href":"https:\/\/philanthropyaid.ch\/fr\/wp-json\/wp\/v2\/users\/1"}],"replies":[{"embeddable":true,"href":"https:\/\/philanthropyaid.ch\/fr\/wp-json\/wp\/v2\/comments?post=1539"}],"version-history":[{"count":56,"href":"https:\/\/philanthropyaid.ch\/fr\/wp-json\/wp\/v2\/pages\/1539\/revisions"}],"predecessor-version":[{"id":2176,"href":"https:\/\/philanthropyaid.ch\/fr\/wp-json\/wp\/v2\/pages\/1539\/revisions\/2176"}],"wp:attachment":[{"href":"https:\/\/philanthropyaid.ch\/fr\/wp-json\/wp\/v2\/media?parent=1539"}],"curies":[{"name":"wp","href":"https:\/\/api.w.org\/{rel}","templated":true}]}}