{"id":1587,"date":"2020-12-09T07:06:02","date_gmt":"2020-12-09T07:06:02","guid":{"rendered":"http:\/\/philanthropyaid.ch\/?page_id=1587"},"modified":"2021-01-25T20:08:13","modified_gmt":"2021-01-25T20:08:13","slug":"accounting-finance","status":"publish","type":"page","link":"https:\/\/philanthropyaid.ch\/fr\/accounting-finance\/","title":{"rendered":"Comptabilit\u00e9 & Finance"},"content":{"rendered":"<div data-elementor-type=\"wp-page\" data-elementor-id=\"1587\" class=\"elementor elementor-1587\" data-elementor-settings=\"[]\">\n\t\t\t\t\t\t<div class=\"elementor-inner\">\n\t\t\t\t\t\t\t<div class=\"elementor-section-wrap\">\n\t\t\t\t\t\t\t<section class=\"elementor-section elementor-top-section elementor-element elementor-element-252d6573 elementor-section-content-middle elementor-section-boxed elementor-section-height-default elementor-section-height-default\" data-id=\"252d6573\" data-element_type=\"section\">\n\t\t\t\t\t\t<div class=\"elementor-container elementor-column-gap-no\">\n\t\t\t\t\t\t\t<div class=\"elementor-row\">\n\t\t\t\t\t<div class=\"elementor-column elementor-col-50 elementor-top-column elementor-element elementor-element-5f9c1687\" data-id=\"5f9c1687\" data-element_type=\"column\">\n\t\t\t<div class=\"elementor-column-wrap elementor-element-populated\">\n\t\t\t\t\t\t\t<div class=\"elementor-widget-wrap\">\n\t\t\t\t\t\t<div class=\"elementor-element elementor-element-660010e8 elementor-widget elementor-widget-image\" data-id=\"660010e8\" data-element_type=\"widget\" data-widget_type=\"image.default\">\n\t\t\t\t<div class=\"elementor-widget-container\">\n\t\t\t\t\t<div class=\"elementor-image\">\n\t\t\t\t\t\t\t\t\t\t<img width=\"1920\" height=\"1131\" src=\"https:\/\/philanthropyaid.ch\/wp-content\/uploads\/2020\/12\/calculator-385506_1920.jpg\" class=\"attachment-full size-full\" alt=\"\" loading=\"lazy\" srcset=\"https:\/\/philanthropyaid.ch\/wp-content\/uploads\/2020\/12\/calculator-385506_1920.jpg 1920w, https:\/\/philanthropyaid.ch\/wp-content\/uploads\/2020\/12\/calculator-385506_1920-300x177.jpg 300w, https:\/\/philanthropyaid.ch\/wp-content\/uploads\/2020\/12\/calculator-385506_1920-1024x603.jpg 1024w, https:\/\/philanthropyaid.ch\/wp-content\/uploads\/2020\/12\/calculator-385506_1920-768x452.jpg 768w, https:\/\/philanthropyaid.ch\/wp-content\/uploads\/2020\/12\/calculator-385506_1920-1536x905.jpg 1536w\" sizes=\"(max-width: 1920px) 100vw, 1920px\" \/>\t\t\t\t\t\t\t\t\t\t\t<\/div>\n\t\t\t\t<\/div>\n\t\t\t\t<\/div>\n\t\t\t\t\t\t<\/div>\n\t\t\t\t\t<\/div>\n\t\t<\/div>\n\t\t\t\t<div class=\"elementor-column elementor-col-50 elementor-top-column elementor-element elementor-element-2cb22b99\" data-id=\"2cb22b99\" data-element_type=\"column\">\n\t\t\t<div class=\"elementor-column-wrap elementor-element-populated\">\n\t\t\t\t\t\t\t<div class=\"elementor-widget-wrap\">\n\t\t\t\t\t\t<div class=\"elementor-element elementor-element-188f0f38 elementor-widget elementor-widget-heading\" data-id=\"188f0f38\" data-element_type=\"widget\" data-widget_type=\"heading.default\">\n\t\t\t\t<div class=\"elementor-widget-container\">\n\t\t\t<h1 class=\"elementor-heading-title elementor-size-default\">Comptabilit\u00e9<\/h1>\t\t<\/div>\n\t\t\t\t<\/div>\n\t\t\t\t<div class=\"elementor-element elementor-element-25801ea elementor-widget elementor-widget-text-editor\" data-id=\"25801ea\" data-element_type=\"widget\" data-widget_type=\"text-editor.default\">\n\t\t\t\t<div class=\"elementor-widget-container\">\n\t\t\t\t\t<div class=\"elementor-text-editor elementor-clearfix\"><span style=\"color: #000000;\">PhilanthropyAid vous accompagne dans toutes vos d\u00e9marches li\u00e9es \u00e0 la comptabilit\u00e9<\/span>\n<ul>\n \t<li class=\"p1\" style=\"text-align: left;\"><span style=\"color: #000000;\">Tenue de la comptabilit\u00e9 sur une base mensuelle<\/span><\/li>\n \t<li class=\"p1\" style=\"text-align: left;\"><span style=\"color: #000000;\">Pr\u00e9paration des comptes annuels de l\u2019exercice<\/span><\/li>\n \t<li class=\"p1\" style=\"text-align: left;\"><span style=\"color: #000000;\">Accompagnement du processus de r\u00e9vision des comptes annuels<\/span><\/li>\n \t<li class=\"p1\" style=\"text-align: left;\"><span style=\"color: #000000;\">Pr\u00e9paration et soumission des d\u00e9clarations d\u2019imp\u00f4ts<\/span><\/li>\n<\/ul><\/div>\n\t\t\t\t<\/div>\n\t\t\t\t<\/div>\n\t\t\t\t\t\t<\/div>\n\t\t\t\t\t<\/div>\n\t\t<\/div>\n\t\t\t\t\t\t\t\t<\/div>\n\t\t\t\t\t<\/div>\n\t\t<\/section>\n\t\t\t\t<section class=\"elementor-section elementor-top-section elementor-element elementor-element-18c4b955 elementor-section-content-middle elementor-section-boxed elementor-section-height-default elementor-section-height-default\" data-id=\"18c4b955\" data-element_type=\"section\">\n\t\t\t\t\t\t<div class=\"elementor-container elementor-column-gap-no\">\n\t\t\t\t\t\t\t<div class=\"elementor-row\">\n\t\t\t\t\t<div class=\"elementor-column elementor-col-50 elementor-top-column elementor-element elementor-element-6be125ad\" data-id=\"6be125ad\" data-element_type=\"column\">\n\t\t\t<div class=\"elementor-column-wrap elementor-element-populated\">\n\t\t\t\t\t\t\t<div class=\"elementor-widget-wrap\">\n\t\t\t\t\t\t<div class=\"elementor-element elementor-element-52aada25 elementor-widget elementor-widget-heading\" data-id=\"52aada25\" data-element_type=\"widget\" data-widget_type=\"heading.default\">\n\t\t\t\t<div class=\"elementor-widget-container\">\n\t\t\t<h2 class=\"elementor-heading-title elementor-size-default\">Finance<\/h2>\t\t<\/div>\n\t\t\t\t<\/div>\n\t\t\t\t<div class=\"elementor-element elementor-element-3e16c227 elementor-widget elementor-widget-text-editor\" data-id=\"3e16c227\" data-element_type=\"widget\" data-widget_type=\"text-editor.default\">\n\t\t\t\t<div class=\"elementor-widget-container\">\n\t\t\t\t\t<div class=\"elementor-text-editor elementor-clearfix\"><\/div>\n\t\t\t\t<\/div>\n\t\t\t\t<\/div>\n\t\t\t\t<div class=\"elementor-element elementor-element-b146a41 elementor-widget elementor-widget-text-editor\" data-id=\"b146a41\" data-element_type=\"widget\" data-widget_type=\"text-editor.default\">\n\t\t\t\t<div class=\"elementor-widget-container\">\n\t\t\t\t\t<div class=\"elementor-text-editor elementor-clearfix\"><span style=\"color: #000000;\">PhilanthropyAid vous conseille et vous aide dans la gestion de vos finances<\/span>\n<ul>\n \t<li class=\"p1\" style=\"text-align: left;\"><span style=\"color: #000000;\">Planification financi\u00e8re (pr\u00e9paration de budgets, pr\u00e9visions financi\u00e8res, etc.)<\/span><\/li>\n \t<li class=\"p1\" style=\"text-align: left;\"><span style=\"color: #000000;\">Contr\u00f4le des d\u00e9penses et recettes par rapport au budget initial<\/span><\/li>\n \t<li class=\"p1\" style=\"text-align: left;\"><span style=\"color: #000000;\">Contr\u00f4le interne et suivi des risques<\/span><\/li>\n \t<li class=\"p1\" style=\"text-align: left;\"><span style=\"color: #000000;\">Conseil en relation avec les institutions bancaires<\/span><\/li>\n       <li class=\"p1\" style=\"text-align: left;\"><span style=\"color: #000000;\">Pr\u00e9paration et suivi de la politique d'investissement<\/li>\n<\/ul><\/div>\n\t\t\t\t<\/div>\n\t\t\t\t<\/div>\n\t\t\t\t\t\t<\/div>\n\t\t\t\t\t<\/div>\n\t\t<\/div>\n\t\t\t\t<div class=\"elementor-column elementor-col-50 elementor-top-column elementor-element elementor-element-76852a88\" data-id=\"76852a88\" data-element_type=\"column\">\n\t\t\t<div class=\"elementor-column-wrap elementor-element-populated\">\n\t\t\t\t\t\t\t<div class=\"elementor-widget-wrap\">\n\t\t\t\t\t\t<div class=\"elementor-element elementor-element-694213cb elementor-widget elementor-widget-image\" data-id=\"694213cb\" data-element_type=\"widget\" data-widget_type=\"image.default\">\n\t\t\t\t<div class=\"elementor-widget-container\">\n\t\t\t\t\t<div class=\"elementor-image\">\n\t\t\t\t\t\t\t\t\t\t<img width=\"2560\" height=\"1709\" src=\"https:\/\/philanthropyaid.ch\/wp-content\/uploads\/2020\/12\/scott-graham-5fNmWej4tAA-unsplash-scaled.jpg\" class=\"attachment-full size-full\" alt=\"\" loading=\"lazy\" srcset=\"https:\/\/philanthropyaid.ch\/wp-content\/uploads\/2020\/12\/scott-graham-5fNmWej4tAA-unsplash-scaled.jpg 2560w, https:\/\/philanthropyaid.ch\/wp-content\/uploads\/2020\/12\/scott-graham-5fNmWej4tAA-unsplash-300x200.jpg 300w, https:\/\/philanthropyaid.ch\/wp-content\/uploads\/2020\/12\/scott-graham-5fNmWej4tAA-unsplash-1024x683.jpg 1024w, https:\/\/philanthropyaid.ch\/wp-content\/uploads\/2020\/12\/scott-graham-5fNmWej4tAA-unsplash-768x513.jpg 768w, https:\/\/philanthropyaid.ch\/wp-content\/uploads\/2020\/12\/scott-graham-5fNmWej4tAA-unsplash-1536x1025.jpg 1536w, https:\/\/philanthropyaid.ch\/wp-content\/uploads\/2020\/12\/scott-graham-5fNmWej4tAA-unsplash-2048x1367.jpg 2048w\" sizes=\"(max-width: 2560px) 100vw, 2560px\" \/>\t\t\t\t\t\t\t\t\t\t\t<\/div>\n\t\t\t\t<\/div>\n\t\t\t\t<\/div>\n\t\t\t\t\t\t<\/div>\n\t\t\t\t\t<\/div>\n\t\t<\/div>\n\t\t\t\t\t\t\t\t<\/div>\n\t\t\t\t\t<\/div>\n\t\t<\/section>\n\t\t\t\t\t\t<\/div>\n\t\t\t\t\t\t<\/div>\n\t\t\t\t\t<\/div>","protected":false},"excerpt":{"rendered":"<p>Accounting PhilanthropyAid accompanies you in all your accounting tasks Financial and management accounting on a monthly basis Preparation of final annual accounts Assistance with annual&hellip;<\/p>","protected":false},"author":1,"featured_media":0,"parent":0,"menu_order":0,"comment_status":"closed","ping_status":"closed","template":"","meta":[],"_links":{"self":[{"href":"https:\/\/philanthropyaid.ch\/fr\/wp-json\/wp\/v2\/pages\/1587"}],"collection":[{"href":"https:\/\/philanthropyaid.ch\/fr\/wp-json\/wp\/v2\/pages"}],"about":[{"href":"https:\/\/philanthropyaid.ch\/fr\/wp-json\/wp\/v2\/types\/page"}],"author":[{"embeddable":true,"href":"https:\/\/philanthropyaid.ch\/fr\/wp-json\/wp\/v2\/users\/1"}],"replies":[{"embeddable":true,"href":"https:\/\/philanthropyaid.ch\/fr\/wp-json\/wp\/v2\/comments?post=1587"}],"version-history":[{"count":31,"href":"https:\/\/philanthropyaid.ch\/fr\/wp-json\/wp\/v2\/pages\/1587\/revisions"}],"predecessor-version":[{"id":2156,"href":"https:\/\/philanthropyaid.ch\/fr\/wp-json\/wp\/v2\/pages\/1587\/revisions\/2156"}],"wp:attachment":[{"href":"https:\/\/philanthropyaid.ch\/fr\/wp-json\/wp\/v2\/media?parent=1587"}],"curies":[{"name":"wp","href":"https:\/\/api.w.org\/{rel}","templated":true}]}}