{"id":1596,"date":"2020-12-09T07:13:08","date_gmt":"2020-12-09T07:13:08","guid":{"rendered":"http:\/\/philanthropyaid.ch\/?page_id=1596"},"modified":"2021-01-25T20:08:45","modified_gmt":"2021-01-25T20:08:45","slug":"consultancy","status":"publish","type":"page","link":"https:\/\/philanthropyaid.ch\/fr\/consultancy\/","title":{"rendered":"Conseil"},"content":{"rendered":"<div data-elementor-type=\"wp-page\" data-elementor-id=\"1596\" class=\"elementor elementor-1596\" data-elementor-settings=\"[]\">\n\t\t\t\t\t\t<div class=\"elementor-inner\">\n\t\t\t\t\t\t\t<div class=\"elementor-section-wrap\">\n\t\t\t\t\t\t\t<section class=\"elementor-section elementor-top-section elementor-element elementor-element-6b041dc4 elementor-section-content-middle elementor-section-boxed elementor-section-height-default elementor-section-height-default\" data-id=\"6b041dc4\" data-element_type=\"section\">\n\t\t\t\t\t\t<div class=\"elementor-container elementor-column-gap-no\">\n\t\t\t\t\t\t\t<div class=\"elementor-row\">\n\t\t\t\t\t<div class=\"elementor-column elementor-col-50 elementor-top-column elementor-element elementor-element-4730fd15\" data-id=\"4730fd15\" data-element_type=\"column\">\n\t\t\t<div class=\"elementor-column-wrap elementor-element-populated\">\n\t\t\t\t\t\t\t<div class=\"elementor-widget-wrap\">\n\t\t\t\t\t\t<div class=\"elementor-element elementor-element-53c3740e elementor-widget elementor-widget-image\" data-id=\"53c3740e\" data-element_type=\"widget\" data-widget_type=\"image.default\">\n\t\t\t\t<div class=\"elementor-widget-container\">\n\t\t\t\t\t<div class=\"elementor-image\">\n\t\t\t\t\t\t\t\t\t\t<img width=\"2560\" height=\"1706\" src=\"https:\/\/philanthropyaid.ch\/wp-content\/uploads\/2020\/12\/startae-team-36Aai16fubc-unsplash-scaled.jpg\" class=\"attachment-full size-full\" alt=\"\" loading=\"lazy\" srcset=\"https:\/\/philanthropyaid.ch\/wp-content\/uploads\/2020\/12\/startae-team-36Aai16fubc-unsplash-scaled.jpg 2560w, https:\/\/philanthropyaid.ch\/wp-content\/uploads\/2020\/12\/startae-team-36Aai16fubc-unsplash-300x200.jpg 300w, https:\/\/philanthropyaid.ch\/wp-content\/uploads\/2020\/12\/startae-team-36Aai16fubc-unsplash-1024x683.jpg 1024w, https:\/\/philanthropyaid.ch\/wp-content\/uploads\/2020\/12\/startae-team-36Aai16fubc-unsplash-768x512.jpg 768w, https:\/\/philanthropyaid.ch\/wp-content\/uploads\/2020\/12\/startae-team-36Aai16fubc-unsplash-1536x1024.jpg 1536w, https:\/\/philanthropyaid.ch\/wp-content\/uploads\/2020\/12\/startae-team-36Aai16fubc-unsplash-2048x1365.jpg 2048w\" sizes=\"(max-width: 2560px) 100vw, 2560px\" \/>\t\t\t\t\t\t\t\t\t\t\t<\/div>\n\t\t\t\t<\/div>\n\t\t\t\t<\/div>\n\t\t\t\t\t\t<\/div>\n\t\t\t\t\t<\/div>\n\t\t<\/div>\n\t\t\t\t<div class=\"elementor-column elementor-col-50 elementor-top-column elementor-element elementor-element-736f5336\" data-id=\"736f5336\" data-element_type=\"column\">\n\t\t\t<div class=\"elementor-column-wrap elementor-element-populated\">\n\t\t\t\t\t\t\t<div class=\"elementor-widget-wrap\">\n\t\t\t\t\t\t<div class=\"elementor-element elementor-element-7134e3d2 elementor-widget elementor-widget-heading\" data-id=\"7134e3d2\" data-element_type=\"widget\" data-widget_type=\"heading.default\">\n\t\t\t\t<div class=\"elementor-widget-container\">\n\t\t\t<h1 class=\"elementor-heading-title elementor-size-default\">Cr\u00e9ation d'ONG<\/h1>\t\t<\/div>\n\t\t\t\t<\/div>\n\t\t\t\t<div class=\"elementor-element elementor-element-2e00a408 elementor-widget elementor-widget-text-editor\" data-id=\"2e00a408\" data-element_type=\"widget\" data-widget_type=\"text-editor.default\">\n\t\t\t\t<div class=\"elementor-widget-container\">\n\t\t\t\t\t<div class=\"elementor-text-editor elementor-clearfix\"><\/div>\n\t\t\t\t<\/div>\n\t\t\t\t<\/div>\n\t\t\t\t<div class=\"elementor-element elementor-element-4ef9dd3 elementor-widget elementor-widget-text-editor\" data-id=\"4ef9dd3\" data-element_type=\"widget\" data-widget_type=\"text-editor.default\">\n\t\t\t\t<div class=\"elementor-widget-container\">\n\t\t\t\t\t<div class=\"elementor-text-editor elementor-clearfix\"><span style=\"color: #000000;\">PhilanthropyAid vous aide dans vos d\u00e9marches de cr\u00e9ation d'ONG<\/span>\n<ul>\n \t<li class=\"p1\" style=\"text-align: left;\"><span style=\"color: #000000;\">Etablissement de projets de statuts et de r\u00e8glements<\/span><\/li>\n \t<li class=\"p1\" style=\"text-align: left;\"><span style=\"color: #000000;\">Obtention d\u2019exon\u00e9ration fiscale et contr\u00f4le permanent des\nconditions de l\u2019exon\u00e9ration<\/span><\/li>\n<\/ul><\/div>\n\t\t\t\t<\/div>\n\t\t\t\t<\/div>\n\t\t\t\t\t\t<\/div>\n\t\t\t\t\t<\/div>\n\t\t<\/div>\n\t\t\t\t\t\t\t\t<\/div>\n\t\t\t\t\t<\/div>\n\t\t<\/section>\n\t\t\t\t<section class=\"elementor-section elementor-top-section elementor-element elementor-element-70e14e95 elementor-section-content-middle elementor-section-boxed elementor-section-height-default elementor-section-height-default\" data-id=\"70e14e95\" data-element_type=\"section\">\n\t\t\t\t\t\t<div class=\"elementor-container elementor-column-gap-no\">\n\t\t\t\t\t\t\t<div class=\"elementor-row\">\n\t\t\t\t\t<div class=\"elementor-column elementor-col-50 elementor-top-column elementor-element elementor-element-618b8e5e\" data-id=\"618b8e5e\" data-element_type=\"column\">\n\t\t\t<div class=\"elementor-column-wrap elementor-element-populated\">\n\t\t\t\t\t\t\t<div class=\"elementor-widget-wrap\">\n\t\t\t\t\t\t<div class=\"elementor-element elementor-element-21c8b9 elementor-widget elementor-widget-heading\" data-id=\"21c8b9\" data-element_type=\"widget\" data-widget_type=\"heading.default\">\n\t\t\t\t<div class=\"elementor-widget-container\">\n\t\t\t<h2 class=\"elementor-heading-title elementor-size-default\">Suivi administratif <br> pour votre ONG<\/h2>\t\t<\/div>\n\t\t\t\t<\/div>\n\t\t\t\t<div class=\"elementor-element elementor-element-6c3cb25f elementor-widget elementor-widget-text-editor\" data-id=\"6c3cb25f\" data-element_type=\"widget\" data-widget_type=\"text-editor.default\">\n\t\t\t\t<div class=\"elementor-widget-container\">\n\t\t\t\t\t<div class=\"elementor-text-editor elementor-clearfix\"><\/div>\n\t\t\t\t<\/div>\n\t\t\t\t<\/div>\n\t\t\t\t<div class=\"elementor-element elementor-element-913c2b5 elementor-widget elementor-widget-text-editor\" data-id=\"913c2b5\" data-element_type=\"widget\" data-widget_type=\"text-editor.default\">\n\t\t\t\t<div class=\"elementor-widget-container\">\n\t\t\t\t\t<div class=\"elementor-text-editor elementor-clearfix\"><p style=\"text-align: left;\"><span style=\"color: #000000;\">PhilanthropyAid vous accompagne dans vos d\u00e9marches administratives, et avec les d\u00e9marches li\u00e9es au secr\u00e9tariat du Comit\u00e9, Conseil de fondation, etc.<\/span><\/p><p>\u00a0<\/p><\/div>\n\t\t\t\t<\/div>\n\t\t\t\t<\/div>\n\t\t\t\t\t\t<\/div>\n\t\t\t\t\t<\/div>\n\t\t<\/div>\n\t\t\t\t<div class=\"elementor-column elementor-col-50 elementor-top-column elementor-element elementor-element-b7c67d8\" data-id=\"b7c67d8\" data-element_type=\"column\">\n\t\t\t<div class=\"elementor-column-wrap elementor-element-populated\">\n\t\t\t\t\t\t\t<div class=\"elementor-widget-wrap\">\n\t\t\t\t\t\t<div class=\"elementor-element elementor-element-5f4179a elementor-widget elementor-widget-image\" data-id=\"5f4179a\" data-element_type=\"widget\" data-widget_type=\"image.default\">\n\t\t\t\t<div class=\"elementor-widget-container\">\n\t\t\t\t\t<div class=\"elementor-image\">\n\t\t\t\t\t\t\t\t\t\t<img width=\"2560\" height=\"1707\" src=\"https:\/\/philanthropyaid.ch\/wp-content\/uploads\/2020\/12\/katie-moum-o0kbc907i20-unsplash-scaled.jpg\" class=\"attachment-full size-full\" alt=\"\" loading=\"lazy\" srcset=\"https:\/\/philanthropyaid.ch\/wp-content\/uploads\/2020\/12\/katie-moum-o0kbc907i20-unsplash-scaled.jpg 2560w, https:\/\/philanthropyaid.ch\/wp-content\/uploads\/2020\/12\/katie-moum-o0kbc907i20-unsplash-300x200.jpg 300w, https:\/\/philanthropyaid.ch\/wp-content\/uploads\/2020\/12\/katie-moum-o0kbc907i20-unsplash-1024x683.jpg 1024w, https:\/\/philanthropyaid.ch\/wp-content\/uploads\/2020\/12\/katie-moum-o0kbc907i20-unsplash-768x512.jpg 768w, https:\/\/philanthropyaid.ch\/wp-content\/uploads\/2020\/12\/katie-moum-o0kbc907i20-unsplash-1536x1024.jpg 1536w, https:\/\/philanthropyaid.ch\/wp-content\/uploads\/2020\/12\/katie-moum-o0kbc907i20-unsplash-2048x1365.jpg 2048w\" sizes=\"(max-width: 2560px) 100vw, 2560px\" \/>\t\t\t\t\t\t\t\t\t\t\t<\/div>\n\t\t\t\t<\/div>\n\t\t\t\t<\/div>\n\t\t\t\t\t\t<\/div>\n\t\t\t\t\t<\/div>\n\t\t<\/div>\n\t\t\t\t\t\t\t\t<\/div>\n\t\t\t\t\t<\/div>\n\t\t<\/section>\n\t\t\t\t\t\t<\/div>\n\t\t\t\t\t\t<\/div>\n\t\t\t\t\t<\/div>","protected":false},"excerpt":{"rendered":"<p>Starting up PhilanthropyAid can help you with the launch of a new NGO Drafting of statutes and internal regulations and procedures Obtaining income tax exemptions&hellip;<\/p>","protected":false},"author":1,"featured_media":0,"parent":0,"menu_order":0,"comment_status":"closed","ping_status":"closed","template":"","meta":[],"_links":{"self":[{"href":"https:\/\/philanthropyaid.ch\/fr\/wp-json\/wp\/v2\/pages\/1596"}],"collection":[{"href":"https:\/\/philanthropyaid.ch\/fr\/wp-json\/wp\/v2\/pages"}],"about":[{"href":"https:\/\/philanthropyaid.ch\/fr\/wp-json\/wp\/v2\/types\/page"}],"author":[{"embeddable":true,"href":"https:\/\/philanthropyaid.ch\/fr\/wp-json\/wp\/v2\/users\/1"}],"replies":[{"embeddable":true,"href":"https:\/\/philanthropyaid.ch\/fr\/wp-json\/wp\/v2\/comments?post=1596"}],"version-history":[{"count":22,"href":"https:\/\/philanthropyaid.ch\/fr\/wp-json\/wp\/v2\/pages\/1596\/revisions"}],"predecessor-version":[{"id":2159,"href":"https:\/\/philanthropyaid.ch\/fr\/wp-json\/wp\/v2\/pages\/1596\/revisions\/2159"}],"wp:attachment":[{"href":"https:\/\/philanthropyaid.ch\/fr\/wp-json\/wp\/v2\/media?parent=1596"}],"curies":[{"name":"wp","href":"https:\/\/api.w.org\/{rel}","templated":true}]}}