{"id":1598,"date":"2020-12-09T07:16:11","date_gmt":"2020-12-09T07:16:11","guid":{"rendered":"http:\/\/philanthropyaid.ch\/?page_id=1598"},"modified":"2023-11-22T14:41:03","modified_gmt":"2023-11-22T14:41:03","slug":"about-us","status":"publish","type":"page","link":"https:\/\/philanthropyaid.ch\/fr\/about-us\/","title":{"rendered":"\u00c0 Propos & Contact"},"content":{"rendered":"<div data-elementor-type=\"wp-page\" data-elementor-id=\"1598\" class=\"elementor elementor-1598\" data-elementor-settings=\"[]\">\n\t\t\t\t\t\t<div class=\"elementor-inner\">\n\t\t\t\t\t\t\t<div class=\"elementor-section-wrap\">\n\t\t\t\t\t\t\t<section class=\"elementor-section elementor-top-section elementor-element elementor-element-2a0eb636 elementor-section-content-middle elementor-reverse-mobile elementor-section-boxed elementor-section-height-default elementor-section-height-default\" data-id=\"2a0eb636\" data-element_type=\"section\">\n\t\t\t\t\t\t<div class=\"elementor-container elementor-column-gap-no\">\n\t\t\t\t\t\t\t<div class=\"elementor-row\">\n\t\t\t\t\t<div class=\"elementor-column elementor-col-50 elementor-top-column elementor-element elementor-element-1865f07c\" data-id=\"1865f07c\" data-element_type=\"column\">\n\t\t\t<div class=\"elementor-column-wrap elementor-element-populated\">\n\t\t\t\t\t\t\t<div class=\"elementor-widget-wrap\">\n\t\t\t\t\t\t<div class=\"elementor-element elementor-element-1f367f1f elementor-widget elementor-widget-heading\" data-id=\"1f367f1f\" data-element_type=\"widget\" data-widget_type=\"heading.default\">\n\t\t\t\t<div class=\"elementor-widget-container\">\n\t\t\t<h1 class=\"elementor-heading-title elementor-size-default\">\u00c0 propos de PhilanthropyAid<\/h1>\t\t<\/div>\n\t\t\t\t<\/div>\n\t\t\t\t<div class=\"elementor-element elementor-element-41ed5fb elementor-widget elementor-widget-spacer\" data-id=\"41ed5fb\" data-element_type=\"widget\" data-widget_type=\"spacer.default\">\n\t\t\t\t<div class=\"elementor-widget-container\">\n\t\t\t\t\t<div class=\"elementor-spacer\">\n\t\t\t<div class=\"elementor-spacer-inner\"><\/div>\n\t\t<\/div>\n\t\t\t\t<\/div>\n\t\t\t\t<\/div>\n\t\t\t\t<div class=\"elementor-element elementor-element-aeab3f6 elementor-widget elementor-widget-text-editor\" data-id=\"aeab3f6\" data-element_type=\"widget\" data-widget_type=\"text-editor.default\">\n\t\t\t\t<div class=\"elementor-widget-container\">\n\t\t\t\t\t<div class=\"elementor-text-editor elementor-clearfix\"><div class=\"page\" title=\"Page 2\">\n<div class=\"layoutArea\">\n<div class=\"column\">\n<p class=\"p1\"><span style=\"color: #000000;\">PhilanthropyAid aide les ONG \u00e0 s'\u00e9tablir, se d\u00e9velopper, et \u00e0 optimiser leur gestion des ressources humaines et des salaires, de la comptabilit\u00e9, de l'administration, des op\u00e9rations et de la logistique, ainsi que dans la gestion de projet, la communication et la recherche de fonds. <\/span><\/p>\n<p class=\"p1\"><span style=\"color: #000000;\">Les collaborateurs-trices de PhilanthropyAid sont disponibles pour se rendre en vos locaux et travailler \u00e0 c\u00f4t\u00e9 de vos collaborateurs-trices, pour vous aider \u00e0 r\u00e9aliser vos objectifs.<\/span><\/p>\n<p class=\"p1\"><span style=\"color: #000000;\">Une collaboration avec PhilanthropyAid offre le professionnalisme, l\u2019exp\u00e9rience, la flexibilit\u00e9 d\u2019organisation et l\u2019efficience financi\u00e8re tant recherch\u00e9s par les ONG, s\u2019inscrivant dans la dur\u00e9e dans le cadre d\u2019une relation de confiance. <\/span><\/p>\n\n<\/div>\n<\/div>\n<\/div><\/div>\n\t\t\t\t<\/div>\n\t\t\t\t<\/div>\n\t\t\t\t\t\t<\/div>\n\t\t\t\t\t<\/div>\n\t\t<\/div>\n\t\t\t\t<div class=\"elementor-column elementor-col-50 elementor-top-column elementor-element elementor-element-304fe2b4\" data-id=\"304fe2b4\" data-element_type=\"column\">\n\t\t\t<div class=\"elementor-column-wrap elementor-element-populated\">\n\t\t\t\t\t\t\t<div class=\"elementor-widget-wrap\">\n\t\t\t\t\t\t<div class=\"elementor-element elementor-element-221a396a elementor-widget elementor-widget-image\" data-id=\"221a396a\" data-element_type=\"widget\" data-widget_type=\"image.default\">\n\t\t\t\t<div class=\"elementor-widget-container\">\n\t\t\t\t\t<div class=\"elementor-image\">\n\t\t\t\t\t\t\t\t\t\t<img width=\"1920\" height=\"1280\" src=\"https:\/\/philanthropyaid.ch\/wp-content\/uploads\/2020\/11\/travel-3344520_1920.jpg\" class=\"attachment-full size-full\" alt=\"\" loading=\"lazy\" srcset=\"https:\/\/philanthropyaid.ch\/wp-content\/uploads\/2020\/11\/travel-3344520_1920.jpg 1920w, https:\/\/philanthropyaid.ch\/wp-content\/uploads\/2020\/11\/travel-3344520_1920-600x400.jpg 600w, https:\/\/philanthropyaid.ch\/wp-content\/uploads\/2020\/11\/travel-3344520_1920-300x200.jpg 300w, https:\/\/philanthropyaid.ch\/wp-content\/uploads\/2020\/11\/travel-3344520_1920-1024x683.jpg 1024w, https:\/\/philanthropyaid.ch\/wp-content\/uploads\/2020\/11\/travel-3344520_1920-768x512.jpg 768w, https:\/\/philanthropyaid.ch\/wp-content\/uploads\/2020\/11\/travel-3344520_1920-1536x1024.jpg 1536w\" sizes=\"(max-width: 1920px) 100vw, 1920px\" \/>\t\t\t\t\t\t\t\t\t\t\t<\/div>\n\t\t\t\t<\/div>\n\t\t\t\t<\/div>\n\t\t\t\t\t\t<\/div>\n\t\t\t\t\t<\/div>\n\t\t<\/div>\n\t\t\t\t\t\t\t\t<\/div>\n\t\t\t\t\t<\/div>\n\t\t<\/section>\n\t\t\t\t<section class=\"elementor-section elementor-top-section elementor-element elementor-element-bf88809 elementor-section-content-middle elementor-section-boxed elementor-section-height-default elementor-section-height-default\" data-id=\"bf88809\" data-element_type=\"section\" data-settings=\"{&quot;background_background&quot;:&quot;classic&quot;}\">\n\t\t\t\t\t\t\t<div class=\"elementor-background-overlay\"><\/div>\n\t\t\t\t\t\t\t<div class=\"elementor-container elementor-column-gap-no\">\n\t\t\t\t\t\t\t<div class=\"elementor-row\">\n\t\t\t\t\t<div class=\"elementor-column elementor-col-50 elementor-top-column elementor-element elementor-element-2df0f21\" data-id=\"2df0f21\" data-element_type=\"column\">\n\t\t\t<div class=\"elementor-column-wrap elementor-element-populated\">\n\t\t\t\t\t\t\t<div class=\"elementor-widget-wrap\">\n\t\t\t\t\t\t<div class=\"elementor-element elementor-element-b4315c4 elementor-widget elementor-widget-heading\" data-id=\"b4315c4\" data-element_type=\"widget\" data-widget_type=\"heading.default\">\n\t\t\t\t<div class=\"elementor-widget-container\">\n\t\t\t<h5 class=\"elementor-heading-title elementor-size-default\">Contact<\/h5>\t\t<\/div>\n\t\t\t\t<\/div>\n\t\t\t\t<div class=\"elementor-element elementor-element-46a6efb elementor-widget elementor-widget-heading\" data-id=\"46a6efb\" data-element_type=\"widget\" data-widget_type=\"heading.default\">\n\t\t\t\t<div class=\"elementor-widget-container\">\n\t\t\t<h3 class=\"elementor-heading-title elementor-size-default\">+41 (0) 76 405 1013<br>Routes des Jeunes 105A, 1212 Grand Lancy - GE<\/h3>\t\t<\/div>\n\t\t\t\t<\/div>\n\t\t\t\t<div class=\"elementor-element elementor-element-351e578 elementor-widget elementor-widget-heading\" data-id=\"351e578\" data-element_type=\"widget\" data-widget_type=\"heading.default\">\n\t\t\t\t<div class=\"elementor-widget-container\">\n\t\t\t<h4 class=\"elementor-heading-title elementor-size-default\">info@philanthropyaid.ch<\/h4>\t\t<\/div>\n\t\t\t\t<\/div>\n\t\t\t\t\t\t<\/div>\n\t\t\t\t\t<\/div>\n\t\t<\/div>\n\t\t\t\t<div class=\"elementor-column elementor-col-50 elementor-top-column elementor-element elementor-element-e634232\" data-id=\"e634232\" data-element_type=\"column\">\n\t\t\t<div class=\"elementor-column-wrap elementor-element-populated\">\n\t\t\t\t\t\t\t<div class=\"elementor-widget-wrap\">\n\t\t\t\t\t\t<div class=\"elementor-element elementor-element-828124a elementor-widget elementor-widget-google_maps\" data-id=\"828124a\" data-element_type=\"widget\" data-widget_type=\"google_maps.default\">\n\t\t\t\t<div class=\"elementor-widget-container\">\n\t\t\t<div class=\"elementor-custom-embed\"><iframe frameborder=\"0\" scrolling=\"no\" marginheight=\"0\" marginwidth=\"0\" src=\"https:\/\/maps.google.com\/maps?q=Routes%20des%20Jeunes%20105A%2C%201212%20Grand%20Lancy%20-%20GE&amp;t=m&amp;z=18&amp;output=embed&amp;iwloc=near\" title=\"Routes des Jeunes 105A, 1212 Grand Lancy - GE\" aria-label=\"Routes des Jeunes 105A, 1212 Grand Lancy - GE\"><\/iframe><\/div>\t\t<\/div>\n\t\t\t\t<\/div>\n\t\t\t\t\t\t<\/div>\n\t\t\t\t\t<\/div>\n\t\t<\/div>\n\t\t\t\t\t\t\t\t<\/div>\n\t\t\t\t\t<\/div>\n\t\t<\/section>\n\t\t\t\t<section class=\"elementor-section elementor-top-section elementor-element elementor-element-aed2ea9 elementor-section-boxed elementor-section-height-default elementor-section-height-default\" data-id=\"aed2ea9\" data-element_type=\"section\" data-settings=\"{&quot;background_background&quot;:&quot;classic&quot;}\">\n\t\t\t\t\t\t<div class=\"elementor-container elementor-column-gap-default\">\n\t\t\t\t\t\t\t<div class=\"elementor-row\">\n\t\t\t\t\t<div class=\"elementor-column elementor-col-100 elementor-top-column elementor-element elementor-element-f2a6773\" data-id=\"f2a6773\" data-element_type=\"column\">\n\t\t\t<div class=\"elementor-column-wrap elementor-element-populated\">\n\t\t\t\t\t\t\t<div class=\"elementor-widget-wrap\">\n\t\t\t\t\t\t<div class=\"elementor-element elementor-element-1bde7f9 elementor-widget elementor-widget-heading\" data-id=\"1bde7f9\" data-element_type=\"widget\" data-widget_type=\"heading.default\">\n\t\t\t\t<div class=\"elementor-widget-container\">\n\t\t\t<h2 class=\"elementor-heading-title elementor-size-default\">Notre \u00e9quipe<\/h2>\t\t<\/div>\n\t\t\t\t<\/div>\n\t\t\t\t\t\t<\/div>\n\t\t\t\t\t<\/div>\n\t\t<\/div>\n\t\t\t\t\t\t\t\t<\/div>\n\t\t\t\t\t<\/div>\n\t\t<\/section>\n\t\t\t\t<section class=\"elementor-section elementor-top-section elementor-element elementor-element-3d7525a9 elementor-section-content-middle elementor-section-boxed elementor-section-height-default elementor-section-height-default\" data-id=\"3d7525a9\" data-element_type=\"section\" data-settings=\"{&quot;background_background&quot;:&quot;classic&quot;}\">\n\t\t\t\t\t\t<div class=\"elementor-container elementor-column-gap-no\">\n\t\t\t\t\t\t\t<div class=\"elementor-row\">\n\t\t\t\t\t<div class=\"elementor-column elementor-col-50 elementor-top-column elementor-element elementor-element-18d0045e\" data-id=\"18d0045e\" data-element_type=\"column\">\n\t\t\t<div class=\"elementor-column-wrap elementor-element-populated\">\n\t\t\t\t\t\t\t<div class=\"elementor-widget-wrap\">\n\t\t\t\t\t\t<div class=\"elementor-element elementor-element-34184a2b elementor-widget elementor-widget-image\" data-id=\"34184a2b\" data-element_type=\"widget\" data-widget_type=\"image.default\">\n\t\t\t\t<div class=\"elementor-widget-container\">\n\t\t\t\t\t<div class=\"elementor-image\">\n\t\t\t\t\t\t\t\t\t\t<img width=\"1920\" height=\"2560\" src=\"https:\/\/philanthropyaid.ch\/wp-content\/uploads\/2020\/12\/Photo-ML-original-scaled.jpg\" class=\"attachment-full size-full\" alt=\"\" loading=\"lazy\" srcset=\"https:\/\/philanthropyaid.ch\/wp-content\/uploads\/2020\/12\/Photo-ML-original-scaled.jpg 1920w, https:\/\/philanthropyaid.ch\/wp-content\/uploads\/2020\/12\/Photo-ML-original-225x300.jpg 225w, https:\/\/philanthropyaid.ch\/wp-content\/uploads\/2020\/12\/Photo-ML-original-768x1024.jpg 768w, https:\/\/philanthropyaid.ch\/wp-content\/uploads\/2020\/12\/Photo-ML-original-1152x1536.jpg 1152w, https:\/\/philanthropyaid.ch\/wp-content\/uploads\/2020\/12\/Photo-ML-original-1536x2048.jpg 1536w\" sizes=\"(max-width: 1920px) 100vw, 1920px\" \/>\t\t\t\t\t\t\t\t\t\t\t<\/div>\n\t\t\t\t<\/div>\n\t\t\t\t<\/div>\n\t\t\t\t\t\t<\/div>\n\t\t\t\t\t<\/div>\n\t\t<\/div>\n\t\t\t\t<div class=\"elementor-column elementor-col-50 elementor-top-column elementor-element elementor-element-108767c3\" data-id=\"108767c3\" data-element_type=\"column\">\n\t\t\t<div class=\"elementor-column-wrap elementor-element-populated\">\n\t\t\t\t\t\t\t<div class=\"elementor-widget-wrap\">\n\t\t\t\t\t\t<div class=\"elementor-element elementor-element-d756778 elementor-widget elementor-widget-menu-anchor\" data-id=\"d756778\" data-element_type=\"widget\" data-widget_type=\"menu-anchor.default\">\n\t\t\t\t<div class=\"elementor-widget-container\">\n\t\t\t\t\t<div id=\"martin\" class=\"elementor-menu-anchor\"><\/div>\n\t\t\t\t<\/div>\n\t\t\t\t<\/div>\n\t\t\t\t<div class=\"elementor-element elementor-element-4e686b23 elementor-widget elementor-widget-text-editor\" data-id=\"4e686b23\" data-element_type=\"widget\" data-widget_type=\"text-editor.default\">\n\t\t\t\t<div class=\"elementor-widget-container\">\n\t\t\t\t\t<div class=\"elementor-text-editor elementor-clearfix\"><div title=\"Page 4\">\n<div>\n<div>\n\nFondateur de PhilanthropyAid, Martin dispose de plus de trente ans d\u2019exp\u00e9rience professionnelle dans la finance, le marketing, la gestion des ressources humaines et la gestion de projets.\nA la suite d'une carri\u00e8re dans le secteur bancaire, en Suisse et \u00e0 l\u2019international, Martin est devenu en 2010 Responsable, Finance et Administration de l\u2019Office m\u00e9dico-p\u00e9dagogique (D\u00e9partement de l\u2019instruction publique, de la culture et du sport, Etat de Gen\u00e8ve). En 2013, il a particip\u00e9 au lancement \u00e0 Gen\u00e8ve de la Fondation P\u00f4le Autisme et a assur\u00e9 les fonctions de Secr\u00e9taire g\u00e9n\u00e9ral de la fondation jusqu\u2019en 2016. En 2017, il est devenu Responsable, Finance & Administration de l'Association J'aime ma Plan\u00e8te, une ONG bas\u00e9e \u00e0 Gen\u00e8ve sp\u00e9cialis\u00e9e dans l'\u00e9ducation au d\u00e9veloppement durable. De 2019 \u00e0 2022, cette mission a \u00e9t\u00e9 assur\u00e9e par PhilanthropyAid. En 2020, Martin Leafe a assur\u00e9 \u00e9galement, au nom de PhilanthropyAid, pendant neuf mois, la fonction de Finance and Office Manager (ad interim) pour Save the Children International, Gen\u00e8ve.\n\n<\/div>\n<\/div>\n<\/div><\/div>\n\t\t\t\t<\/div>\n\t\t\t\t<\/div>\n\t\t\t\t<div class=\"elementor-element elementor-element-5dc63a16 elementor-widget elementor-widget-heading\" data-id=\"5dc63a16\" data-element_type=\"widget\" data-widget_type=\"heading.default\">\n\t\t\t\t<div class=\"elementor-widget-container\">\n\t\t\t<h2 class=\"elementor-heading-title elementor-size-default\">Martin Leafe<\/h2>\t\t<\/div>\n\t\t\t\t<\/div>\n\t\t\t\t<div class=\"elementor-element elementor-element-1f276af6 elementor-widget elementor-widget-heading\" data-id=\"1f276af6\" data-element_type=\"widget\" data-widget_type=\"heading.default\">\n\t\t\t\t<div class=\"elementor-widget-container\">\n\t\t\t<h2 class=\"elementor-heading-title elementor-size-default\">Associ\u00e9 G\u00e9rant<\/h2>\t\t<\/div>\n\t\t\t\t<\/div>\n\t\t\t\t\t\t<\/div>\n\t\t\t\t\t<\/div>\n\t\t<\/div>\n\t\t\t\t\t\t\t\t<\/div>\n\t\t\t\t\t<\/div>\n\t\t<\/section>\n\t\t\t\t<section class=\"elementor-section elementor-top-section elementor-element elementor-element-ea337d8 elementor-section-content-middle elementor-hidden-desktop elementor-hidden-tablet elementor-hidden-phone elementor-section-boxed elementor-section-height-default elementor-section-height-default\" data-id=\"ea337d8\" data-element_type=\"section\" data-settings=\"{&quot;background_background&quot;:&quot;classic&quot;}\">\n\t\t\t\t\t\t<div class=\"elementor-container elementor-column-gap-narrow\">\n\t\t\t\t\t\t\t<div class=\"elementor-row\">\n\t\t\t\t\t<div class=\"elementor-column elementor-col-50 elementor-top-column elementor-element elementor-element-48f5903\" data-id=\"48f5903\" data-element_type=\"column\">\n\t\t\t<div class=\"elementor-column-wrap elementor-element-populated\">\n\t\t\t\t\t\t\t<div class=\"elementor-widget-wrap\">\n\t\t\t\t\t\t<div class=\"elementor-element elementor-element-4ae58bb elementor-widget elementor-widget-text-editor\" data-id=\"4ae58bb\" data-element_type=\"widget\" data-widget_type=\"text-editor.default\">\n\t\t\t\t<div class=\"elementor-widget-container\">\n\t\t\t\t\t<div class=\"elementor-text-editor elementor-clearfix\"><div title=\"Page 4\">\n<p class=\"Standard\" style=\"text-align: left;\"><span lang=\"EN-GB\">Apr\u00e8s plusieurs ann\u00e9es en tant que chercheur au sein d\u2019une entreprise pharmaceutique internationale, Gw\u00e9na\u00eblle Bouscary s\u2019est reconvertie dans le domaine de la gestion salariale et des ressources humaines. Elle a ensuite travaill\u00e9 et \u00e9volu\u00e9 au sein d\u2019une fiduciaire genevoise durant six ans dont cinq ans en tant que responsable de d\u00e9partement HR & Payroll, ayant pour clients de nombreuses ONG. Ses comp\u00e9tences englobent la gestion salariale, l\u2019enregistrement des employ\u00e9s et des ONG aupr\u00e8s des diff\u00e9rents organismes sociaux et le conseil en ressources humaines. Au travers de cette exp\u00e9rience, elle a acquis une connaissance approfondie des besoins et sp\u00e9cificit\u00e9s des ONG. Gw\u00e9na\u00eblle Bouscary est au b\u00e9n\u00e9fice d\u2019un doctorat en chimie de l\u2019Universit\u00e9 de Gen\u00e8ve et d\u2019un dipl\u00f4me f\u00e9d\u00e9ral en Ressources Humaines. De nationalit\u00e9 fran\u00e7aise, Gw\u00e9na\u00eblle parle couramment le fran\u00e7ais et l\u2019anglais.<\/span><\/p>\n\n<\/div><\/div>\n\t\t\t\t<\/div>\n\t\t\t\t<\/div>\n\t\t\t\t<div class=\"elementor-element elementor-element-0190a80 elementor-widget elementor-widget-heading\" data-id=\"0190a80\" data-element_type=\"widget\" data-widget_type=\"heading.default\">\n\t\t\t\t<div class=\"elementor-widget-container\">\n\t\t\t<h2 class=\"elementor-heading-title elementor-size-default\">Gw\u00e9na\u00eblle Bouscary<\/h2>\t\t<\/div>\n\t\t\t\t<\/div>\n\t\t\t\t<div class=\"elementor-element elementor-element-f32bed7 elementor-widget elementor-widget-heading\" data-id=\"f32bed7\" data-element_type=\"widget\" data-widget_type=\"heading.default\">\n\t\t\t\t<div class=\"elementor-widget-container\">\n\t\t\t<h2 class=\"elementor-heading-title elementor-size-default\">Responsable RH & Salaires<\/h2>\t\t<\/div>\n\t\t\t\t<\/div>\n\t\t\t\t\t\t<\/div>\n\t\t\t\t\t<\/div>\n\t\t<\/div>\n\t\t\t\t<div class=\"elementor-column elementor-col-50 elementor-top-column elementor-element elementor-element-8c918fd\" data-id=\"8c918fd\" data-element_type=\"column\">\n\t\t\t<div class=\"elementor-column-wrap elementor-element-populated\">\n\t\t\t\t\t\t\t<div class=\"elementor-widget-wrap\">\n\t\t\t\t\t\t<div class=\"elementor-element elementor-element-bf15e02 elementor-widget elementor-widget-menu-anchor\" data-id=\"bf15e02\" data-element_type=\"widget\" data-widget_type=\"menu-anchor.default\">\n\t\t\t\t<div class=\"elementor-widget-container\">\n\t\t\t\t\t<div id=\"gb\" class=\"elementor-menu-anchor\"><\/div>\n\t\t\t\t<\/div>\n\t\t\t\t<\/div>\n\t\t\t\t<div class=\"elementor-element elementor-element-de1bdd7 elementor-widget elementor-widget-image\" data-id=\"de1bdd7\" data-element_type=\"widget\" data-widget_type=\"image.default\">\n\t\t\t\t<div class=\"elementor-widget-container\">\n\t\t\t\t\t<div class=\"elementor-image\">\n\t\t\t\t\t\t\t\t\t\t<img width=\"1912\" height=\"2560\" src=\"https:\/\/philanthropyaid.ch\/wp-content\/uploads\/2020\/12\/Photo_GB_IMG_1330-scaled.jpg\" class=\"attachment-full size-full\" alt=\"\" loading=\"lazy\" srcset=\"https:\/\/philanthropyaid.ch\/wp-content\/uploads\/2020\/12\/Photo_GB_IMG_1330-scaled.jpg 1912w, https:\/\/philanthropyaid.ch\/wp-content\/uploads\/2020\/12\/Photo_GB_IMG_1330-224x300.jpg 224w, https:\/\/philanthropyaid.ch\/wp-content\/uploads\/2020\/12\/Photo_GB_IMG_1330-765x1024.jpg 765w, https:\/\/philanthropyaid.ch\/wp-content\/uploads\/2020\/12\/Photo_GB_IMG_1330-768x1028.jpg 768w, https:\/\/philanthropyaid.ch\/wp-content\/uploads\/2020\/12\/Photo_GB_IMG_1330-1147x1536.jpg 1147w, https:\/\/philanthropyaid.ch\/wp-content\/uploads\/2020\/12\/Photo_GB_IMG_1330-1530x2048.jpg 1530w\" sizes=\"(max-width: 1912px) 100vw, 1912px\" \/>\t\t\t\t\t\t\t\t\t\t\t<\/div>\n\t\t\t\t<\/div>\n\t\t\t\t<\/div>\n\t\t\t\t\t\t<\/div>\n\t\t\t\t\t<\/div>\n\t\t<\/div>\n\t\t\t\t\t\t\t\t<\/div>\n\t\t\t\t\t<\/div>\n\t\t<\/section>\n\t\t\t\t<section class=\"elementor-section elementor-top-section elementor-element elementor-element-960c32e elementor-section-content-middle elementor-section-boxed elementor-section-height-default elementor-section-height-default\" data-id=\"960c32e\" data-element_type=\"section\" data-settings=\"{&quot;background_background&quot;:&quot;classic&quot;}\">\n\t\t\t\t\t\t<div class=\"elementor-container elementor-column-gap-no\">\n\t\t\t\t\t\t\t<div class=\"elementor-row\">\n\t\t\t\t\t<div class=\"elementor-column elementor-col-50 elementor-top-column elementor-element elementor-element-8b8d072\" data-id=\"8b8d072\" data-element_type=\"column\">\n\t\t\t<div class=\"elementor-column-wrap elementor-element-populated\">\n\t\t\t\t\t\t\t<div class=\"elementor-widget-wrap\">\n\t\t\t\t\t\t<div class=\"elementor-element elementor-element-b49e53a elementor-widget elementor-widget-menu-anchor\" data-id=\"b49e53a\" data-element_type=\"widget\" data-widget_type=\"menu-anchor.default\">\n\t\t\t\t<div class=\"elementor-widget-container\">\n\t\t\t\t\t<div id=\"fernando\" class=\"elementor-menu-anchor\"><\/div>\n\t\t\t\t<\/div>\n\t\t\t\t<\/div>\n\t\t\t\t<div class=\"elementor-element elementor-element-6b2046e elementor-widget elementor-widget-image\" data-id=\"6b2046e\" data-element_type=\"widget\" data-widget_type=\"image.default\">\n\t\t\t\t<div class=\"elementor-widget-container\">\n\t\t\t\t\t<div class=\"elementor-image\">\n\t\t\t\t\t\t\t\t\t\t<img width=\"1743\" height=\"1682\" src=\"https:\/\/philanthropyaid.ch\/wp-content\/uploads\/2021\/01\/fernando2.jpg\" class=\"attachment-full size-full\" alt=\"\" loading=\"lazy\" srcset=\"https:\/\/philanthropyaid.ch\/wp-content\/uploads\/2021\/01\/fernando2.jpg 1743w, https:\/\/philanthropyaid.ch\/wp-content\/uploads\/2021\/01\/fernando2-300x290.jpg 300w, https:\/\/philanthropyaid.ch\/wp-content\/uploads\/2021\/01\/fernando2-1024x988.jpg 1024w, https:\/\/philanthropyaid.ch\/wp-content\/uploads\/2021\/01\/fernando2-768x741.jpg 768w, https:\/\/philanthropyaid.ch\/wp-content\/uploads\/2021\/01\/fernando2-1536x1482.jpg 1536w, https:\/\/philanthropyaid.ch\/wp-content\/uploads\/2021\/01\/fernando2-12x12.jpg 12w\" sizes=\"(max-width: 1743px) 100vw, 1743px\" \/>\t\t\t\t\t\t\t\t\t\t\t<\/div>\n\t\t\t\t<\/div>\n\t\t\t\t<\/div>\n\t\t\t\t\t\t<\/div>\n\t\t\t\t\t<\/div>\n\t\t<\/div>\n\t\t\t\t<div class=\"elementor-column elementor-col-50 elementor-top-column elementor-element elementor-element-5897757\" data-id=\"5897757\" data-element_type=\"column\">\n\t\t\t<div class=\"elementor-column-wrap elementor-element-populated\">\n\t\t\t\t\t\t\t<div class=\"elementor-widget-wrap\">\n\t\t\t\t\t\t<div class=\"elementor-element elementor-element-c742a9e elementor-widget elementor-widget-text-editor\" data-id=\"c742a9e\" data-element_type=\"widget\" data-widget_type=\"text-editor.default\">\n\t\t\t\t<div class=\"elementor-widget-container\">\n\t\t\t\t\t<div class=\"elementor-text-editor elementor-clearfix\">Fernando Piccinini a plus de trente ans d'exp\u00e9rience en conseil juridique aupr\u00e8s de soci\u00e9t\u00e9s de gestion et de banques priv\u00e9es au Royaume-Uni, en Espagne, en Italie et en Suisse. Il g\u00e8re depuis seize ans la fonction juridique interne d'une des plus importantes banques priv\u00e9es familiales de Gen\u00e8ve. Fernando est au b\u00e9n\u00e9fice d\u2019un Bachelor en droit de l\u2019Universit\u00e9 de Buenos Aires et d\u2019un dipl\u00f4me en droit de l\u2019Universit\u00e9 de Nottingham (UK). De nationalit\u00e9 suisse, il parle couramment l'espagnol, l'italien, le fran\u00e7ais et l'anglais.<\/div>\n\t\t\t\t<\/div>\n\t\t\t\t<\/div>\n\t\t\t\t<div class=\"elementor-element elementor-element-56f7119 elementor-widget elementor-widget-heading\" data-id=\"56f7119\" data-element_type=\"widget\" data-widget_type=\"heading.default\">\n\t\t\t\t<div class=\"elementor-widget-container\">\n\t\t\t<h2 class=\"elementor-heading-title elementor-size-default\">Fernando Piccinini<\/h2>\t\t<\/div>\n\t\t\t\t<\/div>\n\t\t\t\t<div class=\"elementor-element elementor-element-fb40fed elementor-widget elementor-widget-heading\" data-id=\"fb40fed\" data-element_type=\"widget\" data-widget_type=\"heading.default\">\n\t\t\t\t<div class=\"elementor-widget-container\">\n\t\t\t<h2 class=\"elementor-heading-title elementor-size-default\">G\u00e9rant<\/h2>\t\t<\/div>\n\t\t\t\t<\/div>\n\t\t\t\t\t\t<\/div>\n\t\t\t\t\t<\/div>\n\t\t<\/div>\n\t\t\t\t\t\t\t\t<\/div>\n\t\t\t\t\t<\/div>\n\t\t<\/section>\n\t\t\t\t\t\t<\/div>\n\t\t\t\t\t\t<\/div>\n\t\t\t\t\t<\/div>","protected":false},"excerpt":{"rendered":"<p>About PhilanthropyAid PhilanthropyAid supports NGO\u2019s seeking to establish, strengthen and optimise their capabilities in personnel and payroll management, finance, administration, operations and logistics, as well&hellip;<\/p>","protected":false},"author":1,"featured_media":0,"parent":0,"menu_order":0,"comment_status":"closed","ping_status":"closed","template":"","meta":[],"_links":{"self":[{"href":"https:\/\/philanthropyaid.ch\/fr\/wp-json\/wp\/v2\/pages\/1598"}],"collection":[{"href":"https:\/\/philanthropyaid.ch\/fr\/wp-json\/wp\/v2\/pages"}],"about":[{"href":"https:\/\/philanthropyaid.ch\/fr\/wp-json\/wp\/v2\/types\/page"}],"author":[{"embeddable":true,"href":"https:\/\/philanthropyaid.ch\/fr\/wp-json\/wp\/v2\/users\/1"}],"replies":[{"embeddable":true,"href":"https:\/\/philanthropyaid.ch\/fr\/wp-json\/wp\/v2\/comments?post=1598"}],"version-history":[{"count":96,"href":"https:\/\/philanthropyaid.ch\/fr\/wp-json\/wp\/v2\/pages\/1598\/revisions"}],"predecessor-version":[{"id":2208,"href":"https:\/\/philanthropyaid.ch\/fr\/wp-json\/wp\/v2\/pages\/1598\/revisions\/2208"}],"wp:attachment":[{"href":"https:\/\/philanthropyaid.ch\/fr\/wp-json\/wp\/v2\/media?parent=1598"}],"curies":[{"name":"wp","href":"https:\/\/api.w.org\/{rel}","templated":true}]}}