{"id":1615,"date":"2020-12-09T07:29:03","date_gmt":"2020-12-09T07:29:03","guid":{"rendered":"http:\/\/philanthropyaid.ch\/?page_id=1615"},"modified":"2021-01-25T20:09:23","modified_gmt":"2021-01-25T20:09:23","slug":"other-services","status":"publish","type":"page","link":"https:\/\/philanthropyaid.ch\/fr\/other-services\/","title":{"rendered":"Autres Services"},"content":{"rendered":"<div data-elementor-type=\"wp-page\" data-elementor-id=\"1615\" class=\"elementor elementor-1615\" data-elementor-settings=\"[]\">\n\t\t\t\t\t\t<div class=\"elementor-inner\">\n\t\t\t\t\t\t\t<div class=\"elementor-section-wrap\">\n\t\t\t\t\t\t\t<section class=\"elementor-section elementor-top-section elementor-element elementor-element-65c37eb elementor-section-content-middle elementor-section-boxed elementor-section-height-default elementor-section-height-default\" data-id=\"65c37eb\" data-element_type=\"section\">\n\t\t\t\t\t\t<div class=\"elementor-container elementor-column-gap-no\">\n\t\t\t\t\t\t\t<div class=\"elementor-row\">\n\t\t\t\t\t<div class=\"elementor-column elementor-col-50 elementor-top-column elementor-element elementor-element-8f40969\" data-id=\"8f40969\" data-element_type=\"column\">\n\t\t\t<div class=\"elementor-column-wrap elementor-element-populated\">\n\t\t\t\t\t\t\t<div class=\"elementor-widget-wrap\">\n\t\t\t\t\t\t<div class=\"elementor-element elementor-element-8fc164c elementor-widget elementor-widget-image\" data-id=\"8fc164c\" data-element_type=\"widget\" data-widget_type=\"image.default\">\n\t\t\t\t<div class=\"elementor-widget-container\">\n\t\t\t\t\t<div class=\"elementor-image\">\n\t\t\t\t\t\t\t\t\t\t<img width=\"1920\" height=\"1280\" src=\"https:\/\/philanthropyaid.ch\/wp-content\/uploads\/2020\/11\/travel-3344520_1920.jpg\" class=\"attachment-full size-full\" alt=\"\" loading=\"lazy\" srcset=\"https:\/\/philanthropyaid.ch\/wp-content\/uploads\/2020\/11\/travel-3344520_1920.jpg 1920w, https:\/\/philanthropyaid.ch\/wp-content\/uploads\/2020\/11\/travel-3344520_1920-600x400.jpg 600w, https:\/\/philanthropyaid.ch\/wp-content\/uploads\/2020\/11\/travel-3344520_1920-300x200.jpg 300w, https:\/\/philanthropyaid.ch\/wp-content\/uploads\/2020\/11\/travel-3344520_1920-1024x683.jpg 1024w, https:\/\/philanthropyaid.ch\/wp-content\/uploads\/2020\/11\/travel-3344520_1920-768x512.jpg 768w, https:\/\/philanthropyaid.ch\/wp-content\/uploads\/2020\/11\/travel-3344520_1920-1536x1024.jpg 1536w\" sizes=\"(max-width: 1920px) 100vw, 1920px\" \/>\t\t\t\t\t\t\t\t\t\t\t<\/div>\n\t\t\t\t<\/div>\n\t\t\t\t<\/div>\n\t\t\t\t\t\t<\/div>\n\t\t\t\t\t<\/div>\n\t\t<\/div>\n\t\t\t\t<div class=\"elementor-column elementor-col-50 elementor-top-column elementor-element elementor-element-51c56aa\" data-id=\"51c56aa\" data-element_type=\"column\">\n\t\t\t<div class=\"elementor-column-wrap elementor-element-populated\">\n\t\t\t\t\t\t\t<div class=\"elementor-widget-wrap\">\n\t\t\t\t\t\t<div class=\"elementor-element elementor-element-8c8ab2a elementor-widget elementor-widget-heading\" data-id=\"8c8ab2a\" data-element_type=\"widget\" data-widget_type=\"heading.default\">\n\t\t\t\t<div class=\"elementor-widget-container\">\n\t\t\t<h1 class=\"elementor-heading-title elementor-size-default\">Gestion de Projet <\/h1>\t\t<\/div>\n\t\t\t\t<\/div>\n\t\t\t\t<div class=\"elementor-element elementor-element-7cae4b4 elementor-widget elementor-widget-text-editor\" data-id=\"7cae4b4\" data-element_type=\"widget\" data-widget_type=\"text-editor.default\">\n\t\t\t\t<div class=\"elementor-widget-container\">\n\t\t\t\t\t<div class=\"elementor-text-editor elementor-clearfix\"><\/div>\n\t\t\t\t<\/div>\n\t\t\t\t<\/div>\n\t\t\t\t<div class=\"elementor-element elementor-element-ca9a5c7 elementor-widget elementor-widget-text-editor\" data-id=\"ca9a5c7\" data-element_type=\"widget\" data-widget_type=\"text-editor.default\">\n\t\t\t\t<div class=\"elementor-widget-container\">\n\t\t\t\t\t<div class=\"elementor-text-editor elementor-clearfix\"><ul>\n \t<li style=\"text-align: left;\"><span style=\"color: #000000; font-family: var( --e-global-typography-text-font-family ), Sans-serif;\">\u00c9laboration et ex\u00e9cution de projets<\/span><\/li>\n \t<li style=\"text-align: left;\"><span style=\"color: #000000; font-family: var( --e-global-typography-text-font-family ), Sans-serif;\">Suivi des projets et \u00e9valuation de leur impact<\/span><\/li>\n<\/ul><\/div>\n\t\t\t\t<\/div>\n\t\t\t\t<\/div>\n\t\t\t\t\t\t<\/div>\n\t\t\t\t\t<\/div>\n\t\t<\/div>\n\t\t\t\t\t\t\t\t<\/div>\n\t\t\t\t\t<\/div>\n\t\t<\/section>\n\t\t\t\t<section class=\"elementor-section elementor-top-section elementor-element elementor-element-69b37a6 elementor-section-content-middle elementor-section-boxed elementor-section-height-default elementor-section-height-default\" data-id=\"69b37a6\" data-element_type=\"section\">\n\t\t\t\t\t\t<div class=\"elementor-container elementor-column-gap-no\">\n\t\t\t\t\t\t\t<div class=\"elementor-row\">\n\t\t\t\t\t<div class=\"elementor-column elementor-col-50 elementor-top-column elementor-element elementor-element-edb8a62\" data-id=\"edb8a62\" data-element_type=\"column\">\n\t\t\t<div class=\"elementor-column-wrap elementor-element-populated\">\n\t\t\t\t\t\t\t<div class=\"elementor-widget-wrap\">\n\t\t\t\t\t\t<div class=\"elementor-element elementor-element-3f3a3d7 elementor-widget elementor-widget-heading\" data-id=\"3f3a3d7\" data-element_type=\"widget\" data-widget_type=\"heading.default\">\n\t\t\t\t<div class=\"elementor-widget-container\">\n\t\t\t<h2 class=\"elementor-heading-title elementor-size-default\">Communication <\/h2>\t\t<\/div>\n\t\t\t\t<\/div>\n\t\t\t\t<div class=\"elementor-element elementor-element-f657524 elementor-widget elementor-widget-text-editor\" data-id=\"f657524\" data-element_type=\"widget\" data-widget_type=\"text-editor.default\">\n\t\t\t\t<div class=\"elementor-widget-container\">\n\t\t\t\t\t<div class=\"elementor-text-editor elementor-clearfix\"><\/div>\n\t\t\t\t<\/div>\n\t\t\t\t<\/div>\n\t\t\t\t<div class=\"elementor-element elementor-element-05f98f9 elementor-widget elementor-widget-text-editor\" data-id=\"05f98f9\" data-element_type=\"widget\" data-widget_type=\"text-editor.default\">\n\t\t\t\t<div class=\"elementor-widget-container\">\n\t\t\t\t\t<div class=\"elementor-text-editor elementor-clearfix\"><ul><li style=\"text-align: left;\"><span style=\"color: #000000;\">\u00c9dition et infographie\u00a0<\/span><\/li><li style=\"text-align: left;\"><span style=\"color: #000000;\">Cr\u00e9ation de sites web\u00a0<\/span><\/li><li style=\"text-align: left;\"><span style=\"color: #000000;\">Gestion des r\u00e9seaux sociaux\u00a0<\/span><\/li><li style=\"text-align: left;\"><span style=\"color: #000000;\">\u00c9v\u00e8nements (conf\u00e9rences, formations, r\u00e9unions...)\u00a0<\/span><\/li><\/ul><div style=\"text-align: left;\"><span style=\"color: #000000;\">Notre partenaire pour le marketing digital:<a> igniz marketing\u00a0 <\/a><\/span><\/div><\/div>\n\t\t\t\t<\/div>\n\t\t\t\t<\/div>\n\t\t\t\t\t\t<\/div>\n\t\t\t\t\t<\/div>\n\t\t<\/div>\n\t\t\t\t<div class=\"elementor-column elementor-col-50 elementor-top-column elementor-element elementor-element-e076302\" data-id=\"e076302\" data-element_type=\"column\">\n\t\t\t<div class=\"elementor-column-wrap elementor-element-populated\">\n\t\t\t\t\t\t\t<div class=\"elementor-widget-wrap\">\n\t\t\t\t\t\t<div class=\"elementor-element elementor-element-6d53cb1 elementor-widget elementor-widget-image\" data-id=\"6d53cb1\" data-element_type=\"widget\" data-widget_type=\"image.default\">\n\t\t\t\t<div class=\"elementor-widget-container\">\n\t\t\t\t\t<div class=\"elementor-image\">\n\t\t\t\t\t\t\t\t\t\t<img width=\"2560\" height=\"1707\" src=\"https:\/\/philanthropyaid.ch\/wp-content\/uploads\/2020\/12\/domenico-loia-hGV2TfOh0ns-unsplash-scaled.jpg\" class=\"attachment-full size-full\" alt=\"\" loading=\"lazy\" srcset=\"https:\/\/philanthropyaid.ch\/wp-content\/uploads\/2020\/12\/domenico-loia-hGV2TfOh0ns-unsplash-scaled.jpg 2560w, https:\/\/philanthropyaid.ch\/wp-content\/uploads\/2020\/12\/domenico-loia-hGV2TfOh0ns-unsplash-300x200.jpg 300w, https:\/\/philanthropyaid.ch\/wp-content\/uploads\/2020\/12\/domenico-loia-hGV2TfOh0ns-unsplash-1024x683.jpg 1024w, https:\/\/philanthropyaid.ch\/wp-content\/uploads\/2020\/12\/domenico-loia-hGV2TfOh0ns-unsplash-768x512.jpg 768w, https:\/\/philanthropyaid.ch\/wp-content\/uploads\/2020\/12\/domenico-loia-hGV2TfOh0ns-unsplash-1536x1024.jpg 1536w, https:\/\/philanthropyaid.ch\/wp-content\/uploads\/2020\/12\/domenico-loia-hGV2TfOh0ns-unsplash-2048x1365.jpg 2048w\" sizes=\"(max-width: 2560px) 100vw, 2560px\" \/>\t\t\t\t\t\t\t\t\t\t\t<\/div>\n\t\t\t\t<\/div>\n\t\t\t\t<\/div>\n\t\t\t\t\t\t<\/div>\n\t\t\t\t\t<\/div>\n\t\t<\/div>\n\t\t\t\t\t\t\t\t<\/div>\n\t\t\t\t\t<\/div>\n\t\t<\/section>\n\t\t\t\t<section class=\"elementor-section elementor-top-section elementor-element elementor-element-c3a8153 elementor-section-content-middle elementor-section-boxed elementor-section-height-default elementor-section-height-default\" data-id=\"c3a8153\" data-element_type=\"section\">\n\t\t\t\t\t\t<div class=\"elementor-container elementor-column-gap-no\">\n\t\t\t\t\t\t\t<div class=\"elementor-row\">\n\t\t\t\t\t<div class=\"elementor-column elementor-col-50 elementor-top-column elementor-element elementor-element-ef419d8\" data-id=\"ef419d8\" data-element_type=\"column\">\n\t\t\t<div class=\"elementor-column-wrap elementor-element-populated\">\n\t\t\t\t\t\t\t<div class=\"elementor-widget-wrap\">\n\t\t\t\t\t\t<div class=\"elementor-element elementor-element-2535d81 elementor-widget elementor-widget-image\" data-id=\"2535d81\" data-element_type=\"widget\" data-widget_type=\"image.default\">\n\t\t\t\t<div class=\"elementor-widget-container\">\n\t\t\t\t\t<div class=\"elementor-image\">\n\t\t\t\t\t\t\t\t\t\t<img width=\"1920\" height=\"1280\" src=\"https:\/\/philanthropyaid.ch\/wp-content\/uploads\/2020\/12\/elephant-1421167_1920.jpg\" class=\"attachment-full size-full\" alt=\"\" loading=\"lazy\" srcset=\"https:\/\/philanthropyaid.ch\/wp-content\/uploads\/2020\/12\/elephant-1421167_1920.jpg 1920w, https:\/\/philanthropyaid.ch\/wp-content\/uploads\/2020\/12\/elephant-1421167_1920-300x200.jpg 300w, https:\/\/philanthropyaid.ch\/wp-content\/uploads\/2020\/12\/elephant-1421167_1920-1024x683.jpg 1024w, https:\/\/philanthropyaid.ch\/wp-content\/uploads\/2020\/12\/elephant-1421167_1920-768x512.jpg 768w, https:\/\/philanthropyaid.ch\/wp-content\/uploads\/2020\/12\/elephant-1421167_1920-1536x1024.jpg 1536w\" sizes=\"(max-width: 1920px) 100vw, 1920px\" \/>\t\t\t\t\t\t\t\t\t\t\t<\/div>\n\t\t\t\t<\/div>\n\t\t\t\t<\/div>\n\t\t\t\t\t\t<\/div>\n\t\t\t\t\t<\/div>\n\t\t<\/div>\n\t\t\t\t<div class=\"elementor-column elementor-col-50 elementor-top-column elementor-element elementor-element-91cd56b\" data-id=\"91cd56b\" data-element_type=\"column\">\n\t\t\t<div class=\"elementor-column-wrap elementor-element-populated\">\n\t\t\t\t\t\t\t<div class=\"elementor-widget-wrap\">\n\t\t\t\t\t\t<div class=\"elementor-element elementor-element-43bcb1e elementor-widget elementor-widget-heading\" data-id=\"43bcb1e\" data-element_type=\"widget\" data-widget_type=\"heading.default\">\n\t\t\t\t<div class=\"elementor-widget-container\">\n\t\t\t<h2 class=\"elementor-heading-title elementor-size-default\">Recherche de fonds <\/h2>\t\t<\/div>\n\t\t\t\t<\/div>\n\t\t\t\t<div class=\"elementor-element elementor-element-4e49d73 elementor-widget elementor-widget-text-editor\" data-id=\"4e49d73\" data-element_type=\"widget\" data-widget_type=\"text-editor.default\">\n\t\t\t\t<div class=\"elementor-widget-container\">\n\t\t\t\t\t<div class=\"elementor-text-editor elementor-clearfix\"><p><span style=\"color: #000000;\">PhilanthropyAid vous accompagne dans toutes vos d\u00e9marches li\u00e9es \u00e0 la recherche de fonds&nbsp;<\/span><\/p><\/div>\n\t\t\t\t<\/div>\n\t\t\t\t<\/div>\n\t\t\t\t\t\t<\/div>\n\t\t\t\t\t<\/div>\n\t\t<\/div>\n\t\t\t\t\t\t\t\t<\/div>\n\t\t\t\t\t<\/div>\n\t\t<\/section>\n\t\t\t\t\t\t<\/div>\n\t\t\t\t\t\t<\/div>\n\t\t\t\t\t<\/div>","protected":false},"excerpt":{"rendered":"<p>Project Management Conception and implementation of projects On-going project monitoring, including impact evaluation Communication Publications and infographics\u00a0 Web development\u00a0 Social media management\u00a0 Events (conference, training,&hellip;<\/p>","protected":false},"author":1,"featured_media":0,"parent":0,"menu_order":0,"comment_status":"closed","ping_status":"closed","template":"","meta":[],"_links":{"self":[{"href":"https:\/\/philanthropyaid.ch\/fr\/wp-json\/wp\/v2\/pages\/1615"}],"collection":[{"href":"https:\/\/philanthropyaid.ch\/fr\/wp-json\/wp\/v2\/pages"}],"about":[{"href":"https:\/\/philanthropyaid.ch\/fr\/wp-json\/wp\/v2\/types\/page"}],"author":[{"embeddable":true,"href":"https:\/\/philanthropyaid.ch\/fr\/wp-json\/wp\/v2\/users\/1"}],"replies":[{"embeddable":true,"href":"https:\/\/philanthropyaid.ch\/fr\/wp-json\/wp\/v2\/comments?post=1615"}],"version-history":[{"count":34,"href":"https:\/\/philanthropyaid.ch\/fr\/wp-json\/wp\/v2\/pages\/1615\/revisions"}],"predecessor-version":[{"id":2162,"href":"https:\/\/philanthropyaid.ch\/fr\/wp-json\/wp\/v2\/pages\/1615\/revisions\/2162"}],"wp:attachment":[{"href":"https:\/\/philanthropyaid.ch\/fr\/wp-json\/wp\/v2\/media?parent=1615"}],"curies":[{"name":"wp","href":"https:\/\/api.w.org\/{rel}","templated":true}]}}